{"id":815,"date":"2022-05-20T17:17:26","date_gmt":"2022-05-20T20:17:26","guid":{"rendered":"https:\/\/petmania.vamtam.com\/?page_id=815"},"modified":"2023-01-29T03:34:51","modified_gmt":"2023-01-29T06:34:51","slug":"noticias","status":"publish","type":"page","link":"https:\/\/natcomweb.com.br\/valedospets\/noticias\/","title":{"rendered":"Not\u00edcias"},"content":{"rendered":"\t\t<div data-elementor-type=\"wp-page\" data-elementor-id=\"815\" class=\"elementor elementor-815\">\n\t\t\t\t\t\t\t\t\t<section class=\"elementor-section elementor-top-section elementor-element elementor-element-2d71327 elementor-section-boxed elementor-section-height-default elementor-section-height-default\" data-id=\"2d71327\" data-element_type=\"section\">\n\t\t\t\t\t\t<div class=\"elementor-container elementor-column-gap-no\">\n\t\t\t\t\t<div class=\"elementor-column elementor-col-100 elementor-top-column elementor-element elementor-element-c638b5d\" data-id=\"c638b5d\" data-element_type=\"column\">\n\t\t\t<div class=\"elementor-widget-wrap elementor-element-populated\">\n\t\t\t\t\t\t\t\t<div class=\"elementor-element elementor-element-2e3d58c elementor-widget__width-auto elementor-view-default elementor-invisible elementor-widget elementor-widget-icon\" data-id=\"2e3d58c\" data-element_type=\"widget\" data-settings=\"{&quot;_animation&quot;:&quot;bounceIn&quot;}\" data-widget_type=\"icon.default\">\n\t\t\t\t<div class=\"elementor-widget-container\">\n\t\t\t\t\t<div class=\"elementor-icon-wrapper\">\n\t\t\t<div class=\"elementor-icon\">\n\t\t\t<i aria-hidden=\"true\" class=\"vamtamtheme- vamtam-theme-splash-right\"><\/i>\t\t\t<\/div>\n\t\t<\/div>\n\t\t\t\t<\/div>\n\t\t\t\t<\/div>\n\t\t\t\t\t<\/div>\n\t\t<\/div>\n\t\t\t\t\t\t\t<\/div>\n\t\t<\/section>\n\t\t\t\t<section class=\"elementor-section elementor-top-section elementor-element elementor-element-3369919 elementor-section-boxed elementor-section-height-default elementor-section-height-default\" data-id=\"3369919\" data-element_type=\"section\">\n\t\t\t\t\t\t<div class=\"elementor-container elementor-column-gap-no\">\n\t\t\t\t\t<div class=\"elementor-column elementor-col-100 elementor-top-column elementor-element elementor-element-66d403a\" data-id=\"66d403a\" data-element_type=\"column\">\n\t\t\t<div class=\"elementor-widget-wrap elementor-element-populated\">\n\t\t\t\t\t\t\t\t<div class=\"elementor-element elementor-element-3314091 elementor-widget elementor-widget-text-editor\" data-id=\"3314091\" data-element_type=\"widget\" data-widget_type=\"text-editor.default\">\n\t\t\t\t<div class=\"elementor-widget-container\">\n\t\t\t<style>\/*! elementor - v3.11.5 - 14-03-2023 *\/\n.elementor-widget-text-editor.elementor-drop-cap-view-stacked .elementor-drop-cap{background-color:#818a91;color:#fff}.elementor-widget-text-editor.elementor-drop-cap-view-framed .elementor-drop-cap{color:#818a91;border:3px solid;background-color:transparent}.elementor-widget-text-editor:not(.elementor-drop-cap-view-default) .elementor-drop-cap{margin-top:8px}.elementor-widget-text-editor:not(.elementor-drop-cap-view-default) .elementor-drop-cap-letter{width:1em;height:1em}.elementor-widget-text-editor .elementor-drop-cap{float:left;text-align:center;line-height:1;font-size:50px}.elementor-widget-text-editor .elementor-drop-cap-letter{display:inline-block}<\/style>\t\t\t\t<p><div  class=\"dgwt-wcas-search-wrapp dgwt-wcas-no-submit woocommerce dgwt-wcas-style-solaris js-dgwt-wcas-layout-classic dgwt-wcas-layout-classic js-dgwt-wcas-mobile-overlay-disabled\">\n\t\t<form class=\"dgwt-wcas-search-form\" role=\"search\" action=\"https:\/\/natcomweb.com.br\/valedospets\/\" method=\"get\">\n\t\t<div class=\"dgwt-wcas-sf-wrapp\">\n\t\t\t\t\t\t\t<svg class=\"dgwt-wcas-ico-magnifier\" xmlns=\"http:\/\/www.w3.org\/2000\/svg\"\n\t\t\t\t\t xmlns:xlink=\"http:\/\/www.w3.org\/1999\/xlink\" x=\"0px\" y=\"0px\"\n\t\t\t\t\t viewBox=\"0 0 51.539 51.361\" xml:space=\"preserve\">\n\t\t             <path \t\t\t\t\t\t   d=\"M51.539,49.356L37.247,35.065c3.273-3.74,5.272-8.623,5.272-13.983c0-11.742-9.518-21.26-21.26-21.26 S0,9.339,0,21.082s9.518,21.26,21.26,21.26c5.361,0,10.244-1.999,13.983-5.272l14.292,14.292L51.539,49.356z M2.835,21.082 c0-10.176,8.249-18.425,18.425-18.425s18.425,8.249,18.425,18.425S31.436,39.507,21.26,39.507S2.835,31.258,2.835,21.082z\"\/>\n\t\t\t\t<\/svg>\n\t\t\t\t\t\t\t<label class=\"screen-reader-text\"\n\t\t\t       for=\"dgwt-wcas-search-input-1\">Pesquisar produtos<\/label>\n\n\t\t\t<input id=\"dgwt-wcas-search-input-1\"\n\t\t\t       type=\"search\"\n\t\t\t       class=\"dgwt-wcas-search-input\"\n\t\t\t       name=\"s\"\n\t\t\t       value=\"\"\n\t\t\t       placeholder=\"Procurar no site...\"\n\t\t\t       autocomplete=\"off\"\n\t\t\t\t   \t\t\t\/>\n\t\t\t<div class=\"dgwt-wcas-preloader\"><\/div>\n\n\t\t\t<div class=\"dgwt-wcas-voice-search\"><\/div>\n\n\t\t\t\n\t\t\t<input type=\"hidden\" name=\"post_type\" value=\"product\"\/>\n\t\t\t<input type=\"hidden\" name=\"dgwt_wcas\" value=\"1\"\/>\n\n\t\t\t\n\t\t\t\t\t<\/div>\n\t<\/form>\n<\/div>\n<\/p>\t\t\t\t\t\t<\/div>\n\t\t\t\t<\/div>\n\t\t\t\t\t<\/div>\n\t\t<\/div>\n\t\t\t\t\t\t\t<\/div>\n\t\t<\/section>\n\t\t\t\t<section class=\"elementor-section elementor-top-section elementor-element elementor-element-d787196 elementor-section-boxed elementor-section-height-default elementor-section-height-default\" data-id=\"d787196\" data-element_type=\"section\">\n\t\t\t\t\t\t<div class=\"elementor-container elementor-column-gap-default\">\n\t\t\t\t\t<div class=\"elementor-column elementor-col-66 elementor-top-column elementor-element elementor-element-c939fbf\" data-id=\"c939fbf\" data-element_type=\"column\">\n\t\t\t<div class=\"elementor-widget-wrap elementor-element-populated\">\n\t\t\t\t\t\t\t\t<div class=\"elementor-element elementor-element-a9e1a25 elementor-hidden-mobile elementor-grid-2 elementor-grid-tablet-2 elementor-grid-mobile-1 elementor-posts--thumbnail-top elementor-posts--show-avatar elementor-card-shadow-yes elementor-posts__hover-gradient load-more-align-center elementor-widget elementor-widget-posts\" data-id=\"a9e1a25\" data-element_type=\"widget\" data-settings=\"{&quot;cards_columns&quot;:&quot;2&quot;,&quot;pagination_type&quot;:&quot;load_more_on_click&quot;,&quot;cards_columns_tablet&quot;:&quot;2&quot;,&quot;cards_columns_mobile&quot;:&quot;1&quot;,&quot;cards_row_gap&quot;:{&quot;unit&quot;:&quot;px&quot;,&quot;size&quot;:35,&quot;sizes&quot;:[]},&quot;cards_row_gap_tablet&quot;:{&quot;unit&quot;:&quot;px&quot;,&quot;size&quot;:&quot;&quot;,&quot;sizes&quot;:[]},&quot;cards_row_gap_mobile&quot;:{&quot;unit&quot;:&quot;px&quot;,&quot;size&quot;:&quot;&quot;,&quot;sizes&quot;:[]},&quot;load_more_spinner&quot;:{&quot;value&quot;:&quot;fas fa-spinner&quot;,&quot;library&quot;:&quot;fa-solid&quot;}}\" data-widget_type=\"posts.cards\">\n\t\t\t\t<div class=\"elementor-widget-container\">\n\t\t\t<link rel=\"stylesheet\" href=\"https:\/\/natcomweb.com.br\/valedospets\/wp-content\/plugins\/pro-elements\/assets\/css\/widget-posts.min.css\">\t\t<div class=\"elementor-posts-container elementor-posts elementor-posts--skin-cards elementor-grid\">\n\t\t\t\t<article class=\"elementor-post elementor-grid-item post-988269 post type-post status-publish format-standard has-post-thumbnail hentry category-noticias tag-cachorro tag-creche tag-denuncia tag-estupro tag-maus-tratos tag-ong-focinhos-magicos tag-ponte-alta tag-video tag-vigilante tag-zoofilia\">\n\t\t\t<div class=\"elementor-post__card\">\n\t\t\t\t<a class=\"elementor-post__thumbnail__link\" href=\"https:\/\/natcomweb.com.br\/valedospets\/video-as-atualizacoes-sobre-o-caso-do-vigilante-suspeito-de-estuprar-um-cao-dentro-de-uma-creche-em-sc\/\" ><div class=\"elementor-post__thumbnail\"><img loading=\"lazy\" decoding=\"async\" width=\"300\" height=\"188\" src=\"https:\/\/natcomweb.com.br\/valedospets\/wp-content\/uploads\/2023\/03\/capa-site-cachorro-300x188.jpg\" class=\"attachment-medium size-medium wp-image-988270\" alt=\"\" srcset=\"https:\/\/natcomweb.com.br\/valedospets\/wp-content\/uploads\/2023\/03\/capa-site-cachorro-300x188.jpg 300w, https:\/\/natcomweb.com.br\/valedospets\/wp-content\/uploads\/2023\/03\/capa-site-cachorro-768x480.jpg 768w, https:\/\/natcomweb.com.br\/valedospets\/wp-content\/uploads\/2023\/03\/capa-site-cachorro-640x400.jpg 640w, https:\/\/natcomweb.com.br\/valedospets\/wp-content\/uploads\/2023\/03\/capa-site-cachorro-64x40.jpg 64w, https:\/\/natcomweb.com.br\/valedospets\/wp-content\/uploads\/2023\/03\/capa-site-cachorro.jpg 800w\" sizes=\"auto, (max-width: 300px) 100vw, 300px\" \/><\/div><\/a>\n\t\t\t\t<div class=\"elementor-post__badge\">Not\u00edcias<\/div>\n\t\t\t\t<div class=\"elementor-post__avatar\">\n\t\t\t<img alt='Danubia de Souza' src='https:\/\/secure.gravatar.com\/avatar\/107980f775fc23902bcfe616ad53092789f4d7f586e9b0e0b03cb1e41bcd12f0?s=128&#038;d=mm&#038;r=g' srcset='https:\/\/secure.gravatar.com\/avatar\/107980f775fc23902bcfe616ad53092789f4d7f586e9b0e0b03cb1e41bcd12f0?s=256&#038;d=mm&#038;r=g 2x' class='avatar avatar-128 photo' height='128' width='128' \/>\t\t<\/div>\n\t\t\t\t<div class=\"elementor-post__text\">\n\t\t\t\t<h3 class=\"elementor-post__title\">\n\t\t\t<a href=\"https:\/\/natcomweb.com.br\/valedospets\/video-as-atualizacoes-sobre-o-caso-do-vigilante-suspeito-de-estuprar-um-cao-dentro-de-uma-creche-em-sc\/\" >\n\t\t\t\tV\u00eddeo: as atualiza\u00e7\u00f5es sobre o caso do vigilante suspeito de estuprar um c\u00e3o dentro de uma creche em SC.\u00a0\t\t\t<\/a>\n\t\t<\/h3>\n\t\t\t\t<div class=\"elementor-post__excerpt\">\n\t\t\t<p>A Pol\u00edcia Civil de Correia Pinto, no planalto serrano de Santa Catarina, abriu inqu\u00e9rito para apurar um suposto crime de<\/p>\n\t\t<\/div>\n\t\t\n\t\t<a class=\"elementor-post__read-more\" href=\"https:\/\/natcomweb.com.br\/valedospets\/video-as-atualizacoes-sobre-o-caso-do-vigilante-suspeito-de-estuprar-um-cao-dentro-de-uma-creche-em-sc\/\" aria-label=\"Read more about V\u00eddeo: as atualiza\u00e7\u00f5es sobre o caso do vigilante suspeito de estuprar um c\u00e3o dentro de uma creche em SC.\u00a0\" >\n\t\t\tSaiba Mais \u00bb\t\t<\/a>\n\n\t\t\t\t<\/div>\n\t\t\t\t<div class=\"elementor-post__meta-data\">\n\t\t\t\t\t<span class=\"elementor-post-author\">\n\t\t\tDanubia de Souza\t\t<\/span>\n\t\t\t\t<span class=\"elementor-post-date\">\n\t\t\t06\/03\/2023\t\t<\/span>\n\t\t\t\t<\/div>\n\t\t\t\t\t<\/div>\n\t\t<\/article>\n\t\t\t\t<article class=\"elementor-post elementor-grid-item post-988265 post type-post status-publish format-standard has-post-thumbnail hentry category-noticias tag-cavalo tag-cidasc tag-egua tag-equino tag-eutanasia tag-mormo tag-polemica tag-santa-catarina tag-vale-dos-pets tag-video\">\n\t\t\t<div class=\"elementor-post__card\">\n\t\t\t\t<a class=\"elementor-post__thumbnail__link\" href=\"https:\/\/natcomweb.com.br\/valedospets\/eutanasia-de-egua-gera-polemica-em-sc-veja-o-video\/\" ><div class=\"elementor-post__thumbnail\"><img loading=\"lazy\" decoding=\"async\" width=\"300\" height=\"188\" src=\"https:\/\/natcomweb.com.br\/valedospets\/wp-content\/uploads\/2023\/03\/capa-eutanasia-egua-sc-300x188.jpg\" class=\"attachment-medium size-medium wp-image-988267\" alt=\"\" srcset=\"https:\/\/natcomweb.com.br\/valedospets\/wp-content\/uploads\/2023\/03\/capa-eutanasia-egua-sc-300x188.jpg 300w, https:\/\/natcomweb.com.br\/valedospets\/wp-content\/uploads\/2023\/03\/capa-eutanasia-egua-sc-768x480.jpg 768w, https:\/\/natcomweb.com.br\/valedospets\/wp-content\/uploads\/2023\/03\/capa-eutanasia-egua-sc-640x400.jpg 640w, https:\/\/natcomweb.com.br\/valedospets\/wp-content\/uploads\/2023\/03\/capa-eutanasia-egua-sc-64x40.jpg 64w, https:\/\/natcomweb.com.br\/valedospets\/wp-content\/uploads\/2023\/03\/capa-eutanasia-egua-sc.jpg 800w\" sizes=\"auto, (max-width: 300px) 100vw, 300px\" \/><\/div><\/a>\n\t\t\t\t<div class=\"elementor-post__badge\">Not\u00edcias<\/div>\n\t\t\t\t<div class=\"elementor-post__avatar\">\n\t\t\t<img alt='Danubia de Souza' src='https:\/\/secure.gravatar.com\/avatar\/107980f775fc23902bcfe616ad53092789f4d7f586e9b0e0b03cb1e41bcd12f0?s=128&#038;d=mm&#038;r=g' srcset='https:\/\/secure.gravatar.com\/avatar\/107980f775fc23902bcfe616ad53092789f4d7f586e9b0e0b03cb1e41bcd12f0?s=256&#038;d=mm&#038;r=g 2x' class='avatar avatar-128 photo' height='128' width='128' \/>\t\t<\/div>\n\t\t\t\t<div class=\"elementor-post__text\">\n\t\t\t\t<h3 class=\"elementor-post__title\">\n\t\t\t<a href=\"https:\/\/natcomweb.com.br\/valedospets\/eutanasia-de-egua-gera-polemica-em-sc-veja-o-video\/\" >\n\t\t\t\tEutan\u00e1sia de \u00e9gua gera pol\u00eamica em SC; veja o v\u00eddeo\t\t\t<\/a>\n\t\t<\/h3>\n\t\t\t\t<div class=\"elementor-post__excerpt\">\n\t\t\t<p>A situa\u00e7\u00e3o tem gerado pol\u00eamica nas redes sociais. Um v\u00eddeo de uma \u00e9gua em Benedito Novo\/SC prestes a ser eutanasiada<\/p>\n\t\t<\/div>\n\t\t\n\t\t<a class=\"elementor-post__read-more\" href=\"https:\/\/natcomweb.com.br\/valedospets\/eutanasia-de-egua-gera-polemica-em-sc-veja-o-video\/\" aria-label=\"Read more about Eutan\u00e1sia de \u00e9gua gera pol\u00eamica em SC; veja o v\u00eddeo\" >\n\t\t\tSaiba Mais \u00bb\t\t<\/a>\n\n\t\t\t\t<\/div>\n\t\t\t\t<div class=\"elementor-post__meta-data\">\n\t\t\t\t\t<span class=\"elementor-post-author\">\n\t\t\tDanubia de Souza\t\t<\/span>\n\t\t\t\t<span class=\"elementor-post-date\">\n\t\t\t06\/03\/2023\t\t<\/span>\n\t\t\t\t<\/div>\n\t\t\t\t\t<\/div>\n\t\t<\/article>\n\t\t\t\t<article class=\"elementor-post elementor-grid-item post-988262 post type-post status-publish format-standard has-post-thumbnail hentry category-noticias tag-cachorro-com-raiva tag-raiva-em-animais tag-raiva-em-animais-vacinacao-bloqueio-vacinal-saude-publica-cuidados-com-animais-transmissao-da-raiva tag-santa-catarina\">\n\t\t\t<div class=\"elementor-post__card\">\n\t\t\t\t<a class=\"elementor-post__thumbnail__link\" href=\"https:\/\/natcomweb.com.br\/valedospets\/santa-catarina-volta-a-ter-caso-de-raiva-em-animal-domestico-apos-7-anos\/\" ><div class=\"elementor-post__thumbnail\"><img loading=\"lazy\" decoding=\"async\" width=\"300\" height=\"188\" src=\"https:\/\/natcomweb.com.br\/valedospets\/wp-content\/uploads\/2023\/03\/cachorro-com-raiva-300x188.jpg\" class=\"attachment-medium size-medium wp-image-988263\" alt=\"\" srcset=\"https:\/\/natcomweb.com.br\/valedospets\/wp-content\/uploads\/2023\/03\/cachorro-com-raiva-300x188.jpg 300w, https:\/\/natcomweb.com.br\/valedospets\/wp-content\/uploads\/2023\/03\/cachorro-com-raiva-768x480.jpg 768w, https:\/\/natcomweb.com.br\/valedospets\/wp-content\/uploads\/2023\/03\/cachorro-com-raiva-640x400.jpg 640w, https:\/\/natcomweb.com.br\/valedospets\/wp-content\/uploads\/2023\/03\/cachorro-com-raiva-64x40.jpg 64w, https:\/\/natcomweb.com.br\/valedospets\/wp-content\/uploads\/2023\/03\/cachorro-com-raiva.jpg 800w\" sizes=\"auto, (max-width: 300px) 100vw, 300px\" \/><\/div><\/a>\n\t\t\t\t<div class=\"elementor-post__badge\">Not\u00edcias<\/div>\n\t\t\t\t<div class=\"elementor-post__avatar\">\n\t\t\t<img alt='Danubia de Souza' src='https:\/\/secure.gravatar.com\/avatar\/107980f775fc23902bcfe616ad53092789f4d7f586e9b0e0b03cb1e41bcd12f0?s=128&#038;d=mm&#038;r=g' srcset='https:\/\/secure.gravatar.com\/avatar\/107980f775fc23902bcfe616ad53092789f4d7f586e9b0e0b03cb1e41bcd12f0?s=256&#038;d=mm&#038;r=g 2x' class='avatar avatar-128 photo' height='128' width='128' \/>\t\t<\/div>\n\t\t\t\t<div class=\"elementor-post__text\">\n\t\t\t\t<h3 class=\"elementor-post__title\">\n\t\t\t<a href=\"https:\/\/natcomweb.com.br\/valedospets\/santa-catarina-volta-a-ter-caso-de-raiva-em-animal-domestico-apos-7-anos\/\" >\n\t\t\t\tSanta Catarina volta a ter caso de raiva em animal dom\u00e9stico ap\u00f3s 7 anos\t\t\t<\/a>\n\t\t<\/h3>\n\t\t\t\t<div class=\"elementor-post__excerpt\">\n\t\t\t<p>Amostras coletadas de um gato, no munic\u00edpio de Orleans, no Sul do estado, apontaram o ressurgimento de um caso de<\/p>\n\t\t<\/div>\n\t\t\n\t\t<a class=\"elementor-post__read-more\" href=\"https:\/\/natcomweb.com.br\/valedospets\/santa-catarina-volta-a-ter-caso-de-raiva-em-animal-domestico-apos-7-anos\/\" aria-label=\"Read more about Santa Catarina volta a ter caso de raiva em animal dom\u00e9stico ap\u00f3s 7 anos\" >\n\t\t\tSaiba Mais \u00bb\t\t<\/a>\n\n\t\t\t\t<\/div>\n\t\t\t\t<div class=\"elementor-post__meta-data\">\n\t\t\t\t\t<span class=\"elementor-post-author\">\n\t\t\tDanubia de Souza\t\t<\/span>\n\t\t\t\t<span class=\"elementor-post-date\">\n\t\t\t06\/03\/2023\t\t<\/span>\n\t\t\t\t<\/div>\n\t\t\t\t\t<\/div>\n\t\t<\/article>\n\t\t\t\t<article class=\"elementor-post elementor-grid-item post-988246 post type-post status-publish format-standard has-post-thumbnail hentry category-noticias tag-animais tag-cadastramento tag-caes tag-castracao tag-castracao-de-animais tag-castracao-gratuita tag-cepread tag-gatos tag-prefeitura\">\n\t\t\t<div class=\"elementor-post__card\">\n\t\t\t\t<a class=\"elementor-post__thumbnail__link\" href=\"https:\/\/natcomweb.com.br\/valedospets\/saiba-como-inscrever-seu-pet-no-mutirao-de-castracao-em-blumenau-evento-sera-em-marco\/\" ><div class=\"elementor-post__thumbnail\"><img loading=\"lazy\" decoding=\"async\" width=\"300\" height=\"188\" src=\"https:\/\/natcomweb.com.br\/valedospets\/wp-content\/uploads\/2023\/02\/20230209_182358_0000-300x188.jpg\" class=\"attachment-medium size-medium wp-image-988247\" alt=\"\" srcset=\"https:\/\/natcomweb.com.br\/valedospets\/wp-content\/uploads\/2023\/02\/20230209_182358_0000-300x188.jpg 300w, https:\/\/natcomweb.com.br\/valedospets\/wp-content\/uploads\/2023\/02\/20230209_182358_0000-768x480.jpg 768w, https:\/\/natcomweb.com.br\/valedospets\/wp-content\/uploads\/2023\/02\/20230209_182358_0000-640x400.jpg 640w, https:\/\/natcomweb.com.br\/valedospets\/wp-content\/uploads\/2023\/02\/20230209_182358_0000-64x40.jpg 64w, https:\/\/natcomweb.com.br\/valedospets\/wp-content\/uploads\/2023\/02\/20230209_182358_0000.jpg 800w\" sizes=\"auto, (max-width: 300px) 100vw, 300px\" \/><\/div><\/a>\n\t\t\t\t<div class=\"elementor-post__badge\">Not\u00edcias<\/div>\n\t\t\t\t<div class=\"elementor-post__avatar\">\n\t\t\t<img alt='Daniela Cruz' src='https:\/\/secure.gravatar.com\/avatar\/f22f33f617f39b0af9391a72e892f7ce7d4f18ad0a6e44e4e85772e4487fb002?s=128&#038;d=mm&#038;r=g' srcset='https:\/\/secure.gravatar.com\/avatar\/f22f33f617f39b0af9391a72e892f7ce7d4f18ad0a6e44e4e85772e4487fb002?s=256&#038;d=mm&#038;r=g 2x' class='avatar avatar-128 photo' height='128' width='128' \/>\t\t<\/div>\n\t\t\t\t<div class=\"elementor-post__text\">\n\t\t\t\t<h3 class=\"elementor-post__title\">\n\t\t\t<a href=\"https:\/\/natcomweb.com.br\/valedospets\/saiba-como-inscrever-seu-pet-no-mutirao-de-castracao-em-blumenau-evento-sera-em-marco\/\" >\n\t\t\t\tSaiba como inscrever seu pet no mutir\u00e3o de castra\u00e7\u00e3o em Blumenau; evento ser\u00e1 em mar\u00e7o\t\t\t<\/a>\n\t\t<\/h3>\n\t\t\t\t<div class=\"elementor-post__excerpt\">\n\t\t\t<p>&nbsp; Na pr\u00f3xima segunda-feira, dia 13, a Prefeitura de Blumenau, por meio do Centro de Preven\u00e7\u00e3o e Recupera\u00e7\u00e3o de Animais<\/p>\n\t\t<\/div>\n\t\t\n\t\t<a class=\"elementor-post__read-more\" href=\"https:\/\/natcomweb.com.br\/valedospets\/saiba-como-inscrever-seu-pet-no-mutirao-de-castracao-em-blumenau-evento-sera-em-marco\/\" aria-label=\"Read more about Saiba como inscrever seu pet no mutir\u00e3o de castra\u00e7\u00e3o em Blumenau; evento ser\u00e1 em mar\u00e7o\" >\n\t\t\tSaiba Mais \u00bb\t\t<\/a>\n\n\t\t\t\t<\/div>\n\t\t\t\t<div class=\"elementor-post__meta-data\">\n\t\t\t\t\t<span class=\"elementor-post-author\">\n\t\t\tDaniela Cruz\t\t<\/span>\n\t\t\t\t<span class=\"elementor-post-date\">\n\t\t\t09\/02\/2023\t\t<\/span>\n\t\t\t\t<\/div>\n\t\t\t\t\t<\/div>\n\t\t<\/article>\n\t\t\t\t<\/div>\n\t\t\t\t\t<span class=\"e-load-more-spinner\">\n\t\t\t\t<i aria-hidden=\"true\" class=\"fas fa-spinner\"><\/i>\t\t\t<\/span>\n\t\t\n\t\t\t\t<div class=\"e-load-more-anchor\" data-page=\"1\" data-max-page=\"64\" data-next-page=\"https:\/\/natcomweb.com.br\/valedospets\/wp-json\/wp\/v2\/pages\/815\/page\/2\/\"><\/div>\n\t\t\t\t<div class=\"elementor-button-wrapper\">\n\t\t\t<a href=\"#\" class=\"elementor-button-link elementor-button\" role=\"button\">\n\t\t\t\t\t\t<span class=\"elementor-button-content-wrapper\">\n\t\t\t\t\t\t<span class=\"elementor-button-text\">Ver Mais<\/span>\n\t\t<\/span>\n\t\t\t\t\t<\/a>\n\t\t<\/div>\n\t\t\t\t<div class=\"e-load-more-message\"><\/div>\n\t\t\t\t<\/div>\n\t\t\t\t<\/div>\n\t\t\t\t\t<\/div>\n\t\t<\/div>\n\t\t\t\t<div class=\"elementor-column elementor-col-33 elementor-top-column elementor-element elementor-element-0578c6b\" data-id=\"0578c6b\" data-element_type=\"column\">\n\t\t\t<div class=\"elementor-widget-wrap elementor-element-populated\">\n\t\t\t\t\t\t\t\t<div class=\"elementor-element elementor-element-b5123b0 elementor-widget elementor-widget-sidebar\" data-id=\"b5123b0\" data-element_type=\"widget\" data-widget_type=\"sidebar.default\">\n\t\t\t\t<div class=\"elementor-widget-container\">\n\t\t\t<li id=\"text-3\" class=\"widget widget_text\"><h2 class=\"widgettitle\">Patroc\u00ednio<\/h2>\n\t\t\t<div class=\"textwidget\"><p><a href=\"https:\/\/www.camarablu.sc.gov.br\/\"><img loading=\"lazy\" decoding=\"async\" class=\"aligncenter size-full wp-image-988076\" src=\"https:\/\/natcomweb.com.br\/valedospets\/wp-content\/uploads\/2023\/01\/CAMARA.webp\" alt=\"\" width=\"300\" height=\"300\" srcset=\"https:\/\/natcomweb.com.br\/valedospets\/wp-content\/uploads\/2023\/01\/CAMARA.webp 300w, https:\/\/natcomweb.com.br\/valedospets\/wp-content\/uploads\/2023\/01\/CAMARA-150x150.webp 150w, https:\/\/natcomweb.com.br\/valedospets\/wp-content\/uploads\/2023\/01\/CAMARA-64x64.webp 64w\" sizes=\"auto, (max-width: 300px) 100vw, 300px\" \/><\/a><\/p>\n<\/div>\n\t\t<\/li>\n<li id=\"text-4\" class=\"widget widget_text\"><h2 class=\"widgettitle\">Apoio<\/h2>\n\t\t\t<div class=\"textwidget\"><p><a href=\"https:\/\/www.camarablu.sc.gov.br\/\"><img loading=\"lazy\" decoding=\"async\" class=\"aligncenter size-full wp-image-988076\" src=\"https:\/\/natcomweb.com.br\/valedospets\/wp-content\/uploads\/2023\/02\/santavet.jpg\" alt=\"\" width=\"300\" height=\"300\" \/><\/a><\/p>\n<\/div>\n\t\t<\/li>\n\t\t<\/div>\n\t\t\t\t<\/div>\n\t\t\t\t\t<\/div>\n\t\t<\/div>\n\t\t\t\t\t\t\t<\/div>\n\t\t<\/section>\n\t\t\t\t<section class=\"elementor-section elementor-top-section elementor-element elementor-element-8616c2d elementor-section-boxed elementor-section-height-default elementor-section-height-default\" data-id=\"8616c2d\" data-element_type=\"section\">\n\t\t\t\t\t\t<div class=\"elementor-container elementor-column-gap-default\">\n\t\t\t\t\t<div class=\"elementor-column elementor-col-50 elementor-top-column elementor-element elementor-element-42691a6\" data-id=\"42691a6\" data-element_type=\"column\">\n\t\t\t<div class=\"elementor-widget-wrap\">\n\t\t\t\t\t\t\t\t\t<\/div>\n\t\t<\/div>\n\t\t\t\t<div class=\"elementor-column elementor-col-50 elementor-top-column elementor-element elementor-element-6c0bf6f\" data-id=\"6c0bf6f\" data-element_type=\"column\">\n\t\t\t<div class=\"elementor-widget-wrap\">\n\t\t\t\t\t\t\t\t\t<\/div>\n\t\t<\/div>\n\t\t\t\t\t\t\t<\/div>\n\t\t<\/section>\n\t\t\t\t\t\t\t<\/div>\n\t\t","protected":false},"excerpt":{"rendered":"","protected":false},"author":1,"featured_media":0,"parent":0,"menu_order":0,"comment_status":"closed","ping_status":"closed","template":"","meta":{"footnotes":""},"class_list":["post-815","page","type-page","status-publish","hentry"],"_links":{"self":[{"href":"https:\/\/natcomweb.com.br\/valedospets\/wp-json\/wp\/v2\/pages\/815","targetHints":{"allow":["GET"]}}],"collection":[{"href":"https:\/\/natcomweb.com.br\/valedospets\/wp-json\/wp\/v2\/pages"}],"about":[{"href":"https:\/\/natcomweb.com.br\/valedospets\/wp-json\/wp\/v2\/types\/page"}],"author":[{"embeddable":true,"href":"https:\/\/natcomweb.com.br\/valedospets\/wp-json\/wp\/v2\/users\/1"}],"replies":[{"embeddable":true,"href":"https:\/\/natcomweb.com.br\/valedospets\/wp-json\/wp\/v2\/comments?post=815"}],"version-history":[{"count":67,"href":"https:\/\/natcomweb.com.br\/valedospets\/wp-json\/wp\/v2\/pages\/815\/revisions"}],"predecessor-version":[{"id":988176,"href":"https:\/\/natcomweb.com.br\/valedospets\/wp-json\/wp\/v2\/pages\/815\/revisions\/988176"}],"wp:attachment":[{"href":"https:\/\/natcomweb.com.br\/valedospets\/wp-json\/wp\/v2\/media?parent=815"}],"curies":[{"name":"wp","href":"https:\/\/api.w.org\/{rel}","templated":true}]}}