{"id":31814,"date":"2022-10-10T01:31:35","date_gmt":"2022-10-10T04:31:35","guid":{"rendered":"https:\/\/natcomweb.com.br\/home\/?page_id=31814"},"modified":"2022-10-10T01:34:06","modified_gmt":"2022-10-10T04:34:06","slug":"e-commerce","status":"publish","type":"page","link":"https:\/\/natcomweb.com.br\/home\/e-commerce\/","title":{"rendered":"E-commerce"},"content":{"rendered":"<p>[vc_row full_width=&#8221;true&#8221; animation=&#8221;pulse&#8221;][vc_column][vc_empty_space height=&#8221;30px&#8221;]<div class=\"dt-fancy-separator h3-size style-dotted accent-border-color\" style=\"width: 100%;\"><div class=\"dt-fancy-title bg-on\" style=\"color: #ffffff;\"><span class=\"separator-holder separator-left\"><\/span>E-commerce<span class=\"separator-holder separator-right\"><\/span><\/div><\/div>[vc_empty_space height=&#8221;60px&#8221;][vc_column_text css_animation=&#8221;fadeIn&#8221;]<\/p>\n<h4 style=\"text-align: center;\"><span style=\"color: #ffffff;\">A pandemia nos ensinou que estar online \u00e9 ess\u00eancial para que o seu neg\u00f3cio n\u00e3o pare. Monte seu e-commerce com suporte completo de nossa equipe.<\/span><\/h4>\n<p>[\/vc_column_text][vc_empty_space height=&#8221;60px&#8221;][\/vc_column][\/vc_row][vc_row full_width=&#8221;true&#8221;][vc_column]<div class=\"wf-container dt-gallery-container dt-photos-shortcode loading-effect-helix iso-container\" data-padding=\"5px\" data-cur-page=\"1\" data-width=\"330px\" data-columns=\"5\"><div class=\"wf-cell iso-item\" data-date=\"2022-10-10T01:30:20-03:00\" data-name=\"www.biarodriguesjoias.com.br\" data-post-id=\"31816\">\n<article class=\"post post-31816 attachment type-attachment status-inherit hentry description-off\">\n\n\t\n<div class=\"rollover-project links-hovers-disabled\">\n\n\t<a href=\"https:\/\/natcomweb.com.br\/home\/wp-content\/uploads\/2022\/10\/Bia-Rodrigues-2-scaled.jpg\" class=\"dt-mfp-item mfp-image rollover rollover-zoom\" title=\"www.biarodriguesjoias.com.br\" data-dt-img-description=\"\" ><img class=\"preload-me\" src=\"https:\/\/natcomweb.com.br\/home\/wp-content\/uploads\/2022\/10\/Bia-Rodrigues-2-scaled.jpg\" alt=\"\" width=\"1423\" height=\"2560\"  \/><\/a>\n\t\n<\/div>\n<\/article>\n\n<\/div><div class=\"wf-cell iso-item\" data-date=\"2022-10-10T01:30:17-03:00\" data-name=\"www.biarodriguesjoias.com.br\" data-post-id=\"31815\">\n<article class=\"post post-31815 attachment type-attachment status-inherit hentry description-off\">\n\n\t\n<div class=\"rollover-project links-hovers-disabled\">\n\n\t<a href=\"https:\/\/natcomweb.com.br\/home\/wp-content\/uploads\/2022\/10\/Bia-Rodrigues-1-scaled.jpg\" class=\"dt-mfp-item mfp-image rollover rollover-zoom\" title=\"www.biarodriguesjoias.com.br\" data-dt-img-description=\"\" ><img class=\"preload-me\" src=\"https:\/\/natcomweb.com.br\/home\/wp-content\/uploads\/2022\/10\/Bia-Rodrigues-1-scaled.jpg\" alt=\"\" width=\"1776\" height=\"2560\"  \/><\/a>\n\t\n<\/div>\n<\/article>\n\n<\/div><div class=\"wf-cell iso-item\" data-date=\"2022-10-10T01:30:23-03:00\" data-name=\"D`Roose\" data-post-id=\"31817\">\n<article class=\"post post-31817 attachment type-attachment status-inherit hentry description-off\">\n\n\t\n<div class=\"rollover-project links-hovers-disabled\">\n\n\t<a href=\"https:\/\/natcomweb.com.br\/home\/wp-content\/uploads\/2022\/10\/DRoose-1-scaled.jpg\" class=\"dt-mfp-item mfp-image rollover rollover-zoom\" title=\"D`Roose\" data-dt-img-description=\"\" ><img class=\"preload-me\" src=\"https:\/\/natcomweb.com.br\/home\/wp-content\/uploads\/2022\/10\/DRoose-1-scaled.jpg\" alt=\"\" width=\"1066\" height=\"2560\"  \/><\/a>\n\t\n<\/div>\n<\/article>\n\n<\/div><div class=\"wf-cell iso-item\" data-date=\"2022-10-10T01:30:27-03:00\" data-name=\"D`Roose\" data-post-id=\"31818\">\n<article class=\"post post-31818 attachment type-attachment status-inherit hentry description-off\">\n\n\t\n<div class=\"rollover-project links-hovers-disabled\">\n\n\t<a href=\"https:\/\/natcomweb.com.br\/home\/wp-content\/uploads\/2022\/10\/DRoose-2-scaled.jpg\" class=\"dt-mfp-item mfp-image rollover rollover-zoom\" title=\"D`Roose\" data-dt-img-description=\"\" ><img class=\"preload-me\" src=\"https:\/\/natcomweb.com.br\/home\/wp-content\/uploads\/2022\/10\/DRoose-2-scaled.jpg\" alt=\"\" width=\"579\" height=\"2560\"  \/><\/a>\n\t\n<\/div>\n<\/article>\n\n<\/div><div class=\"wf-cell iso-item\" data-date=\"2022-10-10T01:30:32-03:00\" data-name=\"Foca no Sonho\" data-post-id=\"31819\">\n<article class=\"post post-31819 attachment type-attachment status-inherit hentry description-off\">\n\n\t\n<div class=\"rollover-project links-hovers-disabled\">\n\n\t<a href=\"https:\/\/natcomweb.com.br\/home\/wp-content\/uploads\/2022\/10\/Foca-no-Sonho-1.jpg\" class=\"dt-mfp-item mfp-image rollover rollover-zoom\" title=\"Foca no Sonho\" data-dt-img-description=\"\" ><img class=\"preload-me\" src=\"https:\/\/natcomweb.com.br\/home\/wp-content\/uploads\/2022\/10\/Foca-no-Sonho-1.jpg\" alt=\"\" width=\"807\" height=\"2560\"  \/><\/a>\n\t\n<\/div>\n<\/article>\n\n<\/div><div class=\"wf-cell iso-item\" data-date=\"2022-10-10T01:30:34-03:00\" data-name=\"Foca no Sonho\" data-post-id=\"31820\">\n<article class=\"post post-31820 attachment type-attachment status-inherit hentry description-off\">\n\n\t\n<div class=\"rollover-project links-hovers-disabled\">\n\n\t<a href=\"https:\/\/natcomweb.com.br\/home\/wp-content\/uploads\/2022\/10\/Foca-no-Sonho-2.jpg\" class=\"dt-mfp-item mfp-image rollover rollover-zoom\" title=\"Foca no Sonho\" data-dt-img-description=\"\" ><img class=\"preload-me\" src=\"https:\/\/natcomweb.com.br\/home\/wp-content\/uploads\/2022\/10\/Foca-no-Sonho-2.jpg\" alt=\"\" width=\"1920\" height=\"1965\"  \/><\/a>\n\t\n<\/div>\n<\/article>\n\n<\/div><div class=\"wf-cell iso-item\" data-date=\"2022-10-10T01:30:36-03:00\" data-name=\"FARM\u00c1CIA GEREMIAS FARMAGNUS\" data-post-id=\"31821\">\n<article class=\"post post-31821 attachment type-attachment status-inherit hentry description-off\">\n\n\t\n<div class=\"rollover-project links-hovers-disabled\">\n\n\t<a href=\"https:\/\/natcomweb.com.br\/home\/wp-content\/uploads\/2022\/10\/Geremias-scaled.jpg\" class=\"dt-mfp-item mfp-image rollover rollover-zoom\" title=\"FARM\u00c1CIA GEREMIAS FARMAGNUS\" data-dt-img-description=\"\" ><img class=\"preload-me\" src=\"https:\/\/natcomweb.com.br\/home\/wp-content\/uploads\/2022\/10\/Geremias-scaled.jpg\" alt=\"\" width=\"518\" height=\"2560\"  \/><\/a>\n\t\n<\/div>\n<\/article>\n\n<\/div><div class=\"wf-cell iso-item\" data-date=\"2022-10-10T01:30:41-03:00\" data-name=\"IMP\u00c9RIO DOS COLCH\u00d5ES\" data-post-id=\"31822\">\n<article class=\"post post-31822 attachment type-attachment status-inherit hentry description-off\">\n\n\t\n<div class=\"rollover-project links-hovers-disabled\">\n\n\t<a href=\"https:\/\/natcomweb.com.br\/home\/wp-content\/uploads\/2022\/10\/imperiodoscolchoes-scaled.jpg\" class=\"dt-mfp-item mfp-image rollover rollover-zoom\" title=\"IMP\u00c9RIO DOS COLCH\u00d5ES\" data-dt-img-description=\"\" ><img class=\"preload-me\" src=\"https:\/\/natcomweb.com.br\/home\/wp-content\/uploads\/2022\/10\/imperiodoscolchoes-scaled.jpg\" alt=\"\" width=\"1209\" height=\"2560\"  \/><\/a>\n\t\n<\/div>\n<\/article>\n\n<\/div><div class=\"wf-cell iso-item\" data-date=\"2022-10-10T01:30:46-03:00\" data-name=\"www.misslamourstore.com.br\" data-post-id=\"31823\">\n<article class=\"post post-31823 attachment type-attachment status-inherit hentry description-off\">\n\n\t\n<div class=\"rollover-project links-hovers-disabled\">\n\n\t<a href=\"https:\/\/natcomweb.com.br\/home\/wp-content\/uploads\/2022\/10\/misslamour-scaled.jpg\" class=\"dt-mfp-item mfp-image rollover rollover-zoom\" title=\"www.misslamourstore.com.br\" data-dt-img-description=\"\" ><img class=\"preload-me\" src=\"https:\/\/natcomweb.com.br\/home\/wp-content\/uploads\/2022\/10\/misslamour-scaled.jpg\" alt=\"\" width=\"1059\" height=\"2560\"  \/><\/a>\n\t\n<\/div>\n<\/article>\n\n<\/div><div class=\"wf-cell iso-item\" data-date=\"2022-10-10T01:30:49-03:00\" data-name=\"www.orbitalautopecaseletricas.com.br\" data-post-id=\"31824\">\n<article class=\"post post-31824 attachment type-attachment status-inherit hentry description-off\">\n\n\t\n<div class=\"rollover-project links-hovers-disabled\">\n\n\t<a href=\"https:\/\/natcomweb.com.br\/home\/wp-content\/uploads\/2022\/10\/orbital.jpg\" class=\"dt-mfp-item mfp-image rollover rollover-zoom\" title=\"www.orbitalautopecaseletricas.com.br\" data-dt-img-description=\"\" ><img class=\"preload-me\" src=\"https:\/\/natcomweb.com.br\/home\/wp-content\/uploads\/2022\/10\/orbital.jpg\" alt=\"\" width=\"1920\" height=\"2337\"  \/><\/a>\n\t\n<\/div>\n<\/article>\n\n<\/div><div class=\"wf-cell iso-item\" data-date=\"2022-10-10T01:30:52-03:00\" data-name=\"www.orbitalautopecaseletricas.com.br\" data-post-id=\"31825\">\n<article class=\"post post-31825 attachment type-attachment status-inherit hentry description-off\">\n\n\t\n<div class=\"rollover-project links-hovers-disabled\">\n\n\t<a href=\"https:\/\/natcomweb.com.br\/home\/wp-content\/uploads\/2022\/10\/orbital-2.jpg\" class=\"dt-mfp-item mfp-image rollover rollover-zoom\" title=\"www.orbitalautopecaseletricas.com.br\" data-dt-img-description=\"\" ><img class=\"preload-me\" src=\"https:\/\/natcomweb.com.br\/home\/wp-content\/uploads\/2022\/10\/orbital-2.jpg\" alt=\"\" width=\"1920\" height=\"2205\"  \/><\/a>\n\t\n<\/div>\n<\/article>\n\n<\/div><div class=\"wf-cell iso-item\" data-date=\"2022-10-10T01:30:55-03:00\" data-name=\"TARJA PRETA STUDIO\" data-post-id=\"31826\">\n<article class=\"post post-31826 attachment type-attachment status-inherit hentry description-off\">\n\n\t\n<div class=\"rollover-project links-hovers-disabled\">\n\n\t<a href=\"https:\/\/natcomweb.com.br\/home\/wp-content\/uploads\/2022\/10\/tarja-1-scaled.jpg\" class=\"dt-mfp-item mfp-image rollover rollover-zoom\" title=\"TARJA PRETA STUDIO\" data-dt-img-description=\"\" ><img class=\"preload-me\" src=\"https:\/\/natcomweb.com.br\/home\/wp-content\/uploads\/2022\/10\/tarja-1-scaled.jpg\" alt=\"\" width=\"1810\" height=\"2560\"  \/><\/a>\n\t\n<\/div>\n<\/article>\n\n<\/div><div class=\"wf-cell iso-item\" data-date=\"2022-10-10T01:30:58-03:00\" data-name=\"TARJA PRETA\" data-post-id=\"31827\">\n<article class=\"post post-31827 attachment type-attachment status-inherit hentry description-off\">\n\n\t\n<div class=\"rollover-project links-hovers-disabled\">\n\n\t<a href=\"https:\/\/natcomweb.com.br\/home\/wp-content\/uploads\/2022\/10\/tarja-2-1-scaled.jpg\" class=\"dt-mfp-item mfp-image rollover rollover-zoom\" title=\"TARJA PRETA\" data-dt-img-description=\"\" ><img class=\"preload-me\" src=\"https:\/\/natcomweb.com.br\/home\/wp-content\/uploads\/2022\/10\/tarja-2-1-scaled.jpg\" alt=\"\" width=\"1739\" height=\"2560\"  \/><\/a>\n\t\n<\/div>\n<\/article>\n\n<\/div><div class=\"wf-cell iso-item\" data-date=\"2022-10-10T01:31:02-03:00\" data-name=\"TARJA PRETA\" data-post-id=\"31828\">\n<article class=\"post post-31828 attachment type-attachment status-inherit hentry description-off\">\n\n\t\n<div class=\"rollover-project links-hovers-disabled\">\n\n\t<a href=\"https:\/\/natcomweb.com.br\/home\/wp-content\/uploads\/2022\/10\/tarja-3.jpg\" class=\"dt-mfp-item mfp-image rollover rollover-zoom\" title=\"TARJA PRETA\" data-dt-img-description=\"\" ><img class=\"preload-me\" src=\"https:\/\/natcomweb.com.br\/home\/wp-content\/uploads\/2022\/10\/tarja-3.jpg\" alt=\"\" width=\"1920\" height=\"1675\"  \/><\/a>\n\t\n<\/div>\n<\/article>\n\n<\/div><div class=\"wf-cell iso-item\" data-date=\"2022-10-10T01:31:04-03:00\" data-name=\"www.unisatcomercial.com.br\" data-post-id=\"31829\">\n<article class=\"post post-31829 attachment type-attachment status-inherit hentry description-off\">\n\n\t\n<div class=\"rollover-project links-hovers-disabled\">\n\n\t<a href=\"https:\/\/natcomweb.com.br\/home\/wp-content\/uploads\/2022\/10\/unisat-scaled.jpg\" class=\"dt-mfp-item mfp-image rollover rollover-zoom\" title=\"www.unisatcomercial.com.br\" data-dt-img-description=\"\" ><img class=\"preload-me\" src=\"https:\/\/natcomweb.com.br\/home\/wp-content\/uploads\/2022\/10\/unisat-scaled.jpg\" alt=\"\" width=\"1231\" height=\"2560\"  \/><\/a>\n\t\n<\/div>\n<\/article>\n\n<\/div><div class=\"wf-cell iso-item\" data-date=\"2022-10-10T01:31:08-03:00\" data-name=\"Delivery Vibe GastroPub\" data-post-id=\"31830\">\n<article class=\"post post-31830 attachment type-attachment status-inherit hentry description-off\">\n\n\t\n<div class=\"rollover-project links-hovers-disabled\">\n\n\t<a href=\"https:\/\/natcomweb.com.br\/home\/wp-content\/uploads\/2022\/10\/Vibe-GastroPub-1.jpg\" class=\"dt-mfp-item mfp-image rollover rollover-zoom\" title=\"Delivery Vibe GastroPub\" data-dt-img-description=\"\" ><img class=\"preload-me\" src=\"https:\/\/natcomweb.com.br\/home\/wp-content\/uploads\/2022\/10\/Vibe-GastroPub-1.jpg\" alt=\"\" width=\"634\" height=\"1280\"  \/><\/a>\n\t\n<\/div>\n<\/article>\n\n<\/div><div class=\"wf-cell iso-item\" data-date=\"2022-10-10T01:31:09-03:00\" data-name=\"Delivery Vibe GastroPub\" data-post-id=\"31831\">\n<article class=\"post post-31831 attachment type-attachment status-inherit hentry description-off\">\n\n\t\n<div class=\"rollover-project links-hovers-disabled\">\n\n\t<a href=\"https:\/\/natcomweb.com.br\/home\/wp-content\/uploads\/2022\/10\/Vibe-GastroPub-2.jpg\" class=\"dt-mfp-item mfp-image rollover rollover-zoom\" title=\"Delivery Vibe GastroPub\" data-dt-img-description=\"\" ><img class=\"preload-me\" src=\"https:\/\/natcomweb.com.br\/home\/wp-content\/uploads\/2022\/10\/Vibe-GastroPub-2.jpg\" alt=\"\" width=\"1280\" height=\"1000\"  \/><\/a>\n\t\n<\/div>\n<\/article>\n\n<\/div><div class=\"wf-cell iso-item\" data-date=\"2022-10-10T01:31:10-03:00\" data-name=\"Delivery Vibe GastroPub\" data-post-id=\"31832\">\n<article class=\"post post-31832 attachment type-attachment status-inherit hentry description-off\">\n\n\t\n<div class=\"rollover-project links-hovers-disabled\">\n\n\t<a href=\"https:\/\/natcomweb.com.br\/home\/wp-content\/uploads\/2022\/10\/Vibe-GastroPub-3.jpg\" class=\"dt-mfp-item mfp-image rollover rollover-zoom\" title=\"Delivery Vibe GastroPub\" data-dt-img-description=\"\" ><img class=\"preload-me\" src=\"https:\/\/natcomweb.com.br\/home\/wp-content\/uploads\/2022\/10\/Vibe-GastroPub-3.jpg\" alt=\"\" width=\"1280\" height=\"993\"  \/><\/a>\n\t\n<\/div>\n<\/article>\n\n<\/div><div class=\"wf-cell iso-item\" data-date=\"2022-10-10T01:31:11-03:00\" data-name=\"www.zeepbaby.com.br\" data-post-id=\"31833\">\n<article class=\"post post-31833 attachment type-attachment status-inherit hentry description-off\">\n\n\t\n<div class=\"rollover-project links-hovers-disabled\">\n\n\t<a href=\"https:\/\/natcomweb.com.br\/home\/wp-content\/uploads\/2022\/10\/zeep2-scaled.jpg\" class=\"dt-mfp-item mfp-image rollover rollover-zoom\" title=\"www.zeepbaby.com.br\" data-dt-img-description=\"\" ><img class=\"preload-me\" src=\"https:\/\/natcomweb.com.br\/home\/wp-content\/uploads\/2022\/10\/zeep2-scaled.jpg\" alt=\"\" width=\"1652\" height=\"2560\"  \/><\/a>\n\t\n<\/div>\n<\/article>\n\n<\/div><div class=\"wf-cell iso-item\" data-date=\"2022-10-10T01:31:14-03:00\" data-name=\"www.zeepbaby.com.br\" data-post-id=\"31834\">\n<article class=\"post post-31834 attachment type-attachment status-inherit hentry description-off\">\n\n\t\n<div class=\"rollover-project links-hovers-disabled\">\n\n\t<a href=\"https:\/\/natcomweb.com.br\/home\/wp-content\/uploads\/2022\/10\/zeepbaby-scaled.jpg\" class=\"dt-mfp-item mfp-image rollover rollover-zoom\" title=\"www.zeepbaby.com.br\" data-dt-img-description=\"\" ><img class=\"preload-me\" src=\"https:\/\/natcomweb.com.br\/home\/wp-content\/uploads\/2022\/10\/zeepbaby-scaled.jpg\" alt=\"\" width=\"1497\" height=\"2560\"  \/><\/a>\n\t\n<\/div>\n<\/article>\n\n<\/div><\/div>[\/vc_column][\/vc_row]<\/p>\n","protected":false},"excerpt":{"rendered":"<p>[vc_row full_width=&#8221;true&#8221; animation=&#8221;pulse&#8221;][vc_column][vc_empty_space height=&#8221;30px&#8221;][vc_empty_space height=&#8221;60px&#8221;][vc_column_text css_animation=&#8221;fadeIn&#8221;] A pandemia nos ensinou que estar online \u00e9 ess\u00eancial para que o seu neg\u00f3cio n\u00e3o pare. Monte seu e-commerce com suporte completo de nossa equipe. [\/vc_column_text][vc_empty_space height=&#8221;60px&#8221;][\/vc_column][\/vc_row][vc_row full_width=&#8221;true&#8221;][vc_column][\/vc_column][\/vc_row]<\/p>\n","protected":false},"author":1,"featured_media":0,"parent":0,"menu_order":0,"comment_status":"closed","ping_status":"closed","template":"","meta":{"_joinchat":[]},"_links":{"self":[{"href":"https:\/\/natcomweb.com.br\/home\/wp-json\/wp\/v2\/pages\/31814"}],"collection":[{"href":"https:\/\/natcomweb.com.br\/home\/wp-json\/wp\/v2\/pages"}],"about":[{"href":"https:\/\/natcomweb.com.br\/home\/wp-json\/wp\/v2\/types\/page"}],"author":[{"embeddable":true,"href":"https:\/\/natcomweb.com.br\/home\/wp-json\/wp\/v2\/users\/1"}],"replies":[{"embeddable":true,"href":"https:\/\/natcomweb.com.br\/home\/wp-json\/wp\/v2\/comments?post=31814"}],"version-history":[{"count":2,"href":"https:\/\/natcomweb.com.br\/home\/wp-json\/wp\/v2\/pages\/31814\/revisions"}],"predecessor-version":[{"id":31837,"href":"https:\/\/natcomweb.com.br\/home\/wp-json\/wp\/v2\/pages\/31814\/revisions\/31837"}],"wp:attachment":[{"href":"https:\/\/natcomweb.com.br\/home\/wp-json\/wp\/v2\/media?parent=31814"}],"curies":[{"name":"wp","href":"https:\/\/api.w.org\/{rel}","templated":true}]}}