{"id":31705,"date":"2022-10-10T00:47:03","date_gmt":"2022-10-10T03:47:03","guid":{"rendered":"https:\/\/natcomweb.com.br\/home\/?page_id=31705"},"modified":"2022-10-10T00:56:10","modified_gmt":"2022-10-10T03:56:10","slug":"marketing-politico","status":"publish","type":"page","link":"https:\/\/natcomweb.com.br\/home\/marketing-politico\/","title":{"rendered":"Marketing Pol\u00edtico"},"content":{"rendered":"<p>[vc_row full_width=&#8221;true&#8221; animation=&#8221;pulse&#8221;][vc_column][vc_empty_space height=&#8221;30px&#8221;]<div class=\"dt-fancy-separator h3-size style-dotted accent-border-color\" style=\"width: 100%;\"><div class=\"dt-fancy-title bg-on\" style=\"color: #ffffff;\"><span class=\"separator-holder separator-left\"><\/span>Campanha Pol\u00edtica<span class=\"separator-holder separator-right\"><\/span><\/div><\/div>[vc_empty_space height=&#8221;60px&#8221;][vc_column_text css_animation=&#8221;fadeIn&#8221;]<\/p>\n<h4 style=\"text-align: center;\"><span style=\"color: #ffffff;\">Ao contar com uma Agencia de marketing, suas chances de se comunicar com mais efici\u00eancia com o seu p\u00fablico e transform\u00e1-lo em seu eleitorado aumentam consideravelmente.<\/span><\/h4>\n<p>[\/vc_column_text][vc_empty_space height=&#8221;60px&#8221;][\/vc_column][\/vc_row][vc_row full_width=&#8221;true&#8221;][vc_column]<div class=\"wf-container dt-gallery-container dt-photos-shortcode loading-effect-helix iso-container\" data-padding=\"5px\" data-cur-page=\"1\" data-width=\"330px\" data-columns=\"5\"><div class=\"wf-cell iso-item\" data-date=\"2022-10-10T00:45:06-03:00\" data-name=\"CAMPANHA DEPUTADO FEDERAL\" data-post-id=\"31689\">\n<article class=\"post post-31689 attachment type-attachment status-inherit hentry description-off\">\n\n\t\n<div class=\"rollover-project links-hovers-disabled\">\n\n\t<a href=\"https:\/\/natcomweb.com.br\/home\/wp-content\/uploads\/2022\/10\/BANDEIRA-BRANCA.jpg\" class=\"dt-mfp-item mfp-image rollover rollover-zoom\" title=\"CAMPANHA DEPUTADO FEDERAL\" data-dt-img-description=\"\" ><img class=\"preload-me\" src=\"https:\/\/natcomweb.com.br\/home\/wp-content\/uploads\/2022\/10\/BANDEIRA-BRANCA.jpg\" alt=\"\" width=\"1400\" height=\"1400\"  \/><\/a>\n\t\n<\/div>\n<\/article>\n\n<\/div><div class=\"wf-cell iso-item\" data-date=\"2022-10-10T00:45:27-03:00\" data-name=\"CAMPANHA DEPUTADO FEDERAL\" data-post-id=\"31702\">\n<article class=\"post post-31702 attachment type-attachment status-inherit hentry description-off\">\n\n\t\n<div class=\"rollover-project links-hovers-disabled\">\n\n\t<a href=\"https:\/\/natcomweb.com.br\/home\/wp-content\/uploads\/2022\/10\/Santinho-10x7-1.jpg\" class=\"dt-mfp-item mfp-image rollover rollover-zoom\" title=\"CAMPANHA DEPUTADO FEDERAL\" data-dt-img-description=\"\" ><img class=\"preload-me\" src=\"https:\/\/natcomweb.com.br\/home\/wp-content\/uploads\/2022\/10\/Santinho-10x7-1.jpg\" alt=\"\" width=\"1400\" height=\"1959\"  \/><\/a>\n\t\n<\/div>\n<\/article>\n\n<\/div><div class=\"wf-cell iso-item\" data-date=\"2022-10-10T00:45:29-03:00\" data-name=\"CAMPANHA DEPUTADO FEDERAL\" data-post-id=\"31703\">\n<article class=\"post post-31703 attachment type-attachment status-inherit hentry description-off\">\n\n\t\n<div class=\"rollover-project links-hovers-disabled\">\n\n\t<a href=\"https:\/\/natcomweb.com.br\/home\/wp-content\/uploads\/2022\/10\/Santinho-10x7-2.jpg\" class=\"dt-mfp-item mfp-image rollover rollover-zoom\" title=\"CAMPANHA DEPUTADO FEDERAL\" data-dt-img-description=\"\" ><img class=\"preload-me\" src=\"https:\/\/natcomweb.com.br\/home\/wp-content\/uploads\/2022\/10\/Santinho-10x7-2.jpg\" alt=\"\" width=\"1400\" height=\"1959\"  \/><\/a>\n\t\n<\/div>\n<\/article>\n\n<\/div><div class=\"wf-cell iso-item\" data-date=\"2022-10-10T00:45:08-03:00\" data-name=\"CAMPANHA DEPUTADO FEDERAL\" data-post-id=\"31690\">\n<article class=\"post post-31690 attachment type-attachment status-inherit hentry description-off\">\n\n\t\n<div class=\"rollover-project links-hovers-disabled\">\n\n\t<a href=\"https:\/\/natcomweb.com.br\/home\/wp-content\/uploads\/2022\/10\/BGVIDEO.jpg\" class=\"dt-mfp-item mfp-image rollover rollover-zoom\" title=\"CAMPANHA DEPUTADO FEDERAL\" data-dt-img-description=\"\" ><img class=\"preload-me\" src=\"https:\/\/natcomweb.com.br\/home\/wp-content\/uploads\/2022\/10\/BGVIDEO.jpg\" alt=\"\" width=\"1400\" height=\"788\"  \/><\/a>\n\t\n<\/div>\n<\/article>\n\n<\/div><div class=\"wf-cell iso-item\" data-date=\"2022-10-10T00:44:55-03:00\" data-name=\"CAMPANHA DEPUTADO FEDERAL\" data-post-id=\"31682\">\n<article class=\"post post-31682 attachment type-attachment status-inherit hentry description-off\">\n\n\t\n<div class=\"rollover-project links-hovers-disabled\">\n\n\t<a href=\"https:\/\/natcomweb.com.br\/home\/wp-content\/uploads\/2022\/10\/26x5-Rodape-26-09-2022.jpg\" class=\"dt-mfp-item mfp-image rollover rollover-zoom\" title=\"CAMPANHA DEPUTADO FEDERAL\" data-dt-img-description=\"\" ><img class=\"preload-me\" src=\"https:\/\/natcomweb.com.br\/home\/wp-content\/uploads\/2022\/10\/26x5-Rodape-26-09-2022.jpg\" alt=\"\" width=\"1400\" height=\"269\"  \/><\/a>\n\t\n<\/div>\n<\/article>\n\n<\/div><div class=\"wf-cell iso-item\" data-date=\"2022-10-10T00:44:56-03:00\" data-name=\"CAMPANHA DEPUTADO FEDERAL\" data-post-id=\"31683\">\n<article class=\"post post-31683 attachment type-attachment status-inherit hentry description-off\">\n\n\t\n<div class=\"rollover-project links-hovers-disabled\">\n\n\t<a href=\"https:\/\/natcomweb.com.br\/home\/wp-content\/uploads\/2022\/10\/A5-Baln-Camboriu-1.jpg\" class=\"dt-mfp-item mfp-image rollover rollover-zoom\" title=\"CAMPANHA DEPUTADO FEDERAL\" data-dt-img-description=\"\" ><img class=\"preload-me\" src=\"https:\/\/natcomweb.com.br\/home\/wp-content\/uploads\/2022\/10\/A5-Baln-Camboriu-1.jpg\" alt=\"\" width=\"1400\" height=\"1949\"  \/><\/a>\n\t\n<\/div>\n<\/article>\n\n<\/div><div class=\"wf-cell iso-item\" data-date=\"2022-10-10T00:45:30-03:00\" data-name=\"CAMPANHA DEPUTADO FEDERAL\" data-post-id=\"31704\">\n<article class=\"post post-31704 attachment type-attachment status-inherit hentry description-off\">\n\n\t\n<div class=\"rollover-project links-hovers-disabled\">\n\n\t<a href=\"https:\/\/natcomweb.com.br\/home\/wp-content\/uploads\/2022\/10\/Web-Santinho.jpg\" class=\"dt-mfp-item mfp-image rollover rollover-zoom\" title=\"CAMPANHA DEPUTADO FEDERAL\" data-dt-img-description=\"\" ><img class=\"preload-me\" src=\"https:\/\/natcomweb.com.br\/home\/wp-content\/uploads\/2022\/10\/Web-Santinho.jpg\" alt=\"\" width=\"1400\" height=\"2488\"  \/><\/a>\n\t\n<\/div>\n<\/article>\n\n<\/div><div class=\"wf-cell iso-item\" data-date=\"2022-10-10T00:44:59-03:00\" data-name=\"CAMPANHA DEPUTADO FEDERAL\" data-post-id=\"31685\">\n<article class=\"post post-31685 attachment type-attachment status-inherit hentry description-off\">\n\n\t\n<div class=\"rollover-project links-hovers-disabled\">\n\n\t<a href=\"https:\/\/natcomweb.com.br\/home\/wp-content\/uploads\/2022\/10\/ADESIVO-205x15-1.jpg\" class=\"dt-mfp-item mfp-image rollover rollover-zoom\" title=\"CAMPANHA DEPUTADO FEDERAL\" data-dt-img-description=\"\" ><img class=\"preload-me\" src=\"https:\/\/natcomweb.com.br\/home\/wp-content\/uploads\/2022\/10\/ADESIVO-205x15-1.jpg\" alt=\"\" width=\"1400\" height=\"1400\"  \/><\/a>\n\t\n<\/div>\n<\/article>\n\n<\/div><div class=\"wf-cell iso-item\" data-date=\"2022-10-10T00:45:00-03:00\" data-name=\"CAMPANHA DEPUTADO FEDERAL\" data-post-id=\"31686\">\n<article class=\"post post-31686 attachment type-attachment status-inherit hentry description-off\">\n\n\t\n<div class=\"rollover-project links-hovers-disabled\">\n\n\t<a href=\"https:\/\/natcomweb.com.br\/home\/wp-content\/uploads\/2022\/10\/altair-1.jpg\" class=\"dt-mfp-item mfp-image rollover rollover-zoom\" title=\"CAMPANHA DEPUTADO FEDERAL\" data-dt-img-description=\"\" ><img class=\"preload-me\" src=\"https:\/\/natcomweb.com.br\/home\/wp-content\/uploads\/2022\/10\/altair-1.jpg\" alt=\"\" width=\"1400\" height=\"2455\"  \/><\/a>\n\t\n<\/div>\n<\/article>\n\n<\/div><div class=\"wf-cell iso-item\" data-date=\"2022-10-10T00:45:16-03:00\" data-name=\"CAMPANHA DEPUTADO FEDERAL\" data-post-id=\"31696\">\n<article class=\"post post-31696 attachment type-attachment status-inherit hentry description-off\">\n\n\t\n<div class=\"rollover-project links-hovers-disabled\">\n\n\t<a href=\"https:\/\/natcomweb.com.br\/home\/wp-content\/uploads\/2022\/10\/joao1-e1665373759443.png\" class=\"dt-mfp-item mfp-image rollover rollover-zoom\" title=\"CAMPANHA DEPUTADO FEDERAL\" data-dt-img-description=\"\" ><img class=\"preload-me\" src=\"https:\/\/natcomweb.com.br\/home\/wp-content\/uploads\/2022\/10\/joao1-e1665373759443.png\" alt=\"\" width=\"1354\" height=\"1779\"  \/><\/a>\n\t\n<\/div>\n<\/article>\n\n<\/div><div class=\"wf-cell iso-item\" data-date=\"2022-10-10T00:44:57-03:00\" data-name=\"CAMPANHA DEPUTADO FEDERAL\" data-post-id=\"31684\">\n<article class=\"post post-31684 attachment type-attachment status-inherit hentry description-off\">\n\n\t\n<div class=\"rollover-project links-hovers-disabled\">\n\n\t<a href=\"https:\/\/natcomweb.com.br\/home\/wp-content\/uploads\/2022\/10\/A5-Baln-Camboriu-2.jpg\" class=\"dt-mfp-item mfp-image rollover rollover-zoom\" title=\"CAMPANHA DEPUTADO FEDERAL\" data-dt-img-description=\"\" ><img class=\"preload-me\" src=\"https:\/\/natcomweb.com.br\/home\/wp-content\/uploads\/2022\/10\/A5-Baln-Camboriu-2.jpg\" alt=\"\" width=\"1400\" height=\"1949\"  \/><\/a>\n\t\n<\/div>\n<\/article>\n\n<\/div><div class=\"wf-cell iso-item\" data-date=\"2022-10-10T00:45:02-03:00\" data-name=\"CAMPANHA DEPUTADO FEDERAL\" data-post-id=\"31687\">\n<article class=\"post post-31687 attachment type-attachment status-inherit hentry description-off\">\n\n\t\n<div class=\"rollover-project links-hovers-disabled\">\n\n\t<a href=\"https:\/\/natcomweb.com.br\/home\/wp-content\/uploads\/2022\/10\/altair-2.jpg\" class=\"dt-mfp-item mfp-image rollover rollover-zoom\" title=\"CAMPANHA DEPUTADO FEDERAL\" data-dt-img-description=\"\" ><img class=\"preload-me\" src=\"https:\/\/natcomweb.com.br\/home\/wp-content\/uploads\/2022\/10\/altair-2.jpg\" alt=\"\" width=\"1400\" height=\"2455\"  \/><\/a>\n\t\n<\/div>\n<\/article>\n\n<\/div><div class=\"wf-cell iso-item\" data-date=\"2022-10-10T00:45:05-03:00\" data-name=\"CAMPANHA DEPUTADO FEDERAL\" data-post-id=\"31688\">\n<article class=\"post post-31688 attachment type-attachment status-inherit hentry description-off\">\n\n\t\n<div class=\"rollover-project links-hovers-disabled\">\n\n\t<a href=\"https:\/\/natcomweb.com.br\/home\/wp-content\/uploads\/2022\/10\/Anuncio-Jornal-Medio-Vale-29-09-2022.jpg\" class=\"dt-mfp-item mfp-image rollover rollover-zoom\" title=\"CAMPANHA DEPUTADO FEDERAL\" data-dt-img-description=\"\" ><img class=\"preload-me\" src=\"https:\/\/natcomweb.com.br\/home\/wp-content\/uploads\/2022\/10\/Anuncio-Jornal-Medio-Vale-29-09-2022.jpg\" alt=\"\" width=\"1400\" height=\"1859\"  \/><\/a>\n\t\n<\/div>\n<\/article>\n\n<\/div><div class=\"wf-cell iso-item\" data-date=\"2022-10-10T00:45:09-03:00\" data-name=\"CAMPANHA DEPUTADO FEDERAL\" data-post-id=\"31691\">\n<article class=\"post post-31691 attachment type-attachment status-inherit hentry description-off\">\n\n\t\n<div class=\"rollover-project links-hovers-disabled\">\n\n\t<a href=\"https:\/\/natcomweb.com.br\/home\/wp-content\/uploads\/2022\/10\/blumenau-1.jpg\" class=\"dt-mfp-item mfp-image rollover rollover-zoom\" title=\"CAMPANHA DEPUTADO FEDERAL\" data-dt-img-description=\"\" ><img class=\"preload-me\" src=\"https:\/\/natcomweb.com.br\/home\/wp-content\/uploads\/2022\/10\/blumenau-1.jpg\" alt=\"\" width=\"1400\" height=\"1980\"  \/><\/a>\n\t\n<\/div>\n<\/article>\n\n<\/div><div class=\"wf-cell iso-item\" data-date=\"2022-10-10T00:45:10-03:00\" data-name=\"CAMPANHA DEPUTADO FEDERAL\" data-post-id=\"31692\">\n<article class=\"post post-31692 attachment type-attachment status-inherit hentry description-off\">\n\n\t\n<div class=\"rollover-project links-hovers-disabled\">\n\n\t<a href=\"https:\/\/natcomweb.com.br\/home\/wp-content\/uploads\/2022\/10\/blumenau-2.jpg\" class=\"dt-mfp-item mfp-image rollover rollover-zoom\" title=\"CAMPANHA DEPUTADO FEDERAL\" data-dt-img-description=\"\" ><img class=\"preload-me\" src=\"https:\/\/natcomweb.com.br\/home\/wp-content\/uploads\/2022\/10\/blumenau-2.jpg\" alt=\"\" width=\"1400\" height=\"1980\"  \/><\/a>\n\t\n<\/div>\n<\/article>\n\n<\/div><div class=\"wf-cell iso-item\" data-date=\"2022-10-10T00:45:12-03:00\" data-name=\"CAMPANHA DEPUTADO FEDERAL\" data-post-id=\"31693\">\n<article class=\"post post-31693 attachment type-attachment status-inherit hentry description-off\">\n\n\t\n<div class=\"rollover-project links-hovers-disabled\">\n\n\t<a href=\"https:\/\/natcomweb.com.br\/home\/wp-content\/uploads\/2022\/10\/blumenau-3.jpg\" class=\"dt-mfp-item mfp-image rollover rollover-zoom\" title=\"CAMPANHA DEPUTADO FEDERAL\" data-dt-img-description=\"\" ><img class=\"preload-me\" src=\"https:\/\/natcomweb.com.br\/home\/wp-content\/uploads\/2022\/10\/blumenau-3.jpg\" alt=\"\" width=\"1400\" height=\"1980\"  \/><\/a>\n\t\n<\/div>\n<\/article>\n\n<\/div><div class=\"wf-cell iso-item\" data-date=\"2022-10-10T00:45:13-03:00\" data-name=\"CAMPANHA DEPUTADO FEDERAL\" data-post-id=\"31694\">\n<article class=\"post post-31694 attachment type-attachment status-inherit hentry description-off\">\n\n\t\n<div class=\"rollover-project links-hovers-disabled\">\n\n\t<a href=\"https:\/\/natcomweb.com.br\/home\/wp-content\/uploads\/2022\/10\/blumenau-4.jpg\" class=\"dt-mfp-item mfp-image rollover rollover-zoom\" title=\"CAMPANHA DEPUTADO FEDERAL\" data-dt-img-description=\"\" ><img class=\"preload-me\" src=\"https:\/\/natcomweb.com.br\/home\/wp-content\/uploads\/2022\/10\/blumenau-4.jpg\" alt=\"\" width=\"1400\" height=\"1980\"  \/><\/a>\n\t\n<\/div>\n<\/article>\n\n<\/div><div class=\"wf-cell iso-item\" data-date=\"2022-10-10T00:45:20-03:00\" data-name=\"CAMPANHA DEPUTADO FEDERAL\" data-post-id=\"31697\">\n<article class=\"post post-31697 attachment type-attachment status-inherit hentry description-off\">\n\n\t\n<div class=\"rollover-project links-hovers-disabled\">\n\n\t<a href=\"https:\/\/natcomweb.com.br\/home\/wp-content\/uploads\/2022\/10\/joao2.png\" class=\"dt-mfp-item mfp-image rollover rollover-zoom\" title=\"CAMPANHA DEPUTADO FEDERAL\" data-dt-img-description=\"\" ><img class=\"preload-me\" src=\"https:\/\/natcomweb.com.br\/home\/wp-content\/uploads\/2022\/10\/joao2.png\" alt=\"\" width=\"1400\" height=\"2100\"  \/><\/a>\n\t\n<\/div>\n<\/article>\n\n<\/div><div class=\"wf-cell iso-item\" data-date=\"2022-10-10T00:45:24-03:00\" data-name=\"CAMPANHA DEPUTADO FEDERAL\" data-post-id=\"31699\">\n<article class=\"post post-31699 attachment type-attachment status-inherit hentry description-off\">\n\n\t\n<div class=\"rollover-project links-hovers-disabled\">\n\n\t<a href=\"https:\/\/natcomweb.com.br\/home\/wp-content\/uploads\/2022\/10\/Pizzolatti-e-Altair-Silva-Santinho-Com-Colinha-1.jpg\" class=\"dt-mfp-item mfp-image rollover rollover-zoom\" title=\"CAMPANHA DEPUTADO FEDERAL\" data-dt-img-description=\"\" ><img class=\"preload-me\" src=\"https:\/\/natcomweb.com.br\/home\/wp-content\/uploads\/2022\/10\/Pizzolatti-e-Altair-Silva-Santinho-Com-Colinha-1.jpg\" alt=\"\" width=\"1400\" height=\"1000\"  \/><\/a>\n\t\n<\/div>\n<\/article>\n\n<\/div><div class=\"wf-cell iso-item\" data-date=\"2022-10-10T00:45:26-03:00\" data-name=\"CAMPANHA DEPUTADO FEDERAL\" data-post-id=\"31700\">\n<article class=\"post post-31700 attachment type-attachment status-inherit hentry description-off\">\n\n\t\n<div class=\"rollover-project links-hovers-disabled\">\n\n\t<a href=\"https:\/\/natcomweb.com.br\/home\/wp-content\/uploads\/2022\/10\/Pizzolatti-e-Altair-Silva-Santinho-Com-Colinha-2.jpg\" class=\"dt-mfp-item mfp-image rollover rollover-zoom\" title=\"CAMPANHA DEPUTADO FEDERAL\" data-dt-img-description=\"\" ><img class=\"preload-me\" src=\"https:\/\/natcomweb.com.br\/home\/wp-content\/uploads\/2022\/10\/Pizzolatti-e-Altair-Silva-Santinho-Com-Colinha-2.jpg\" alt=\"\" width=\"1400\" height=\"1000\"  \/><\/a>\n\t\n<\/div>\n<\/article>\n\n<\/div><div class=\"wf-cell iso-item\" data-date=\"2022-10-10T00:45:15-03:00\" data-name=\"CAMPANHA DEPUTADO FEDERAL\" data-post-id=\"31695\">\n<article class=\"post post-31695 attachment type-attachment status-inherit hentry description-off\">\n\n\t\n<div class=\"rollover-project links-hovers-disabled\">\n\n\t<a href=\"https:\/\/natcomweb.com.br\/home\/wp-content\/uploads\/2022\/10\/botton-8x8-1.jpg\" class=\"dt-mfp-item mfp-image rollover rollover-zoom\" title=\"CAMPANHA DEPUTADO FEDERAL\" data-dt-img-description=\"\" ><img class=\"preload-me\" src=\"https:\/\/natcomweb.com.br\/home\/wp-content\/uploads\/2022\/10\/botton-8x8-1.jpg\" alt=\"\" width=\"1400\" height=\"1400\"  \/><\/a>\n\t\n<\/div>\n<\/article>\n\n<\/div><div class=\"wf-cell iso-item\" data-date=\"2022-10-10T00:45:23-03:00\" data-name=\"CAMPANHA DEPUTADO FEDERAL\" data-post-id=\"31698\">\n<article class=\"post post-31698 attachment type-attachment status-inherit hentry description-off\">\n\n\t\n<div class=\"rollover-project links-hovers-disabled\">\n\n\t<a href=\"https:\/\/natcomweb.com.br\/home\/wp-content\/uploads\/2022\/10\/Jornal-Pomerode-20-09-2022-12x17-1.jpg\" class=\"dt-mfp-item mfp-image rollover rollover-zoom\" title=\"CAMPANHA DEPUTADO FEDERAL\" data-dt-img-description=\"\" ><img class=\"preload-me\" src=\"https:\/\/natcomweb.com.br\/home\/wp-content\/uploads\/2022\/10\/Jornal-Pomerode-20-09-2022-12x17-1.jpg\" alt=\"\" width=\"1400\" height=\"1950\"  \/><\/a>\n\t\n<\/div>\n<\/article>\n\n<\/div><div class=\"wf-cell iso-item\" data-date=\"2022-10-10T00:45:27-03:00\" data-name=\"CAMPANHA DEPUTADO FEDERAL\" data-post-id=\"31701\">\n<article class=\"post post-31701 attachment type-attachment status-inherit hentry description-off\">\n\n\t\n<div class=\"rollover-project links-hovers-disabled\">\n\n\t<a href=\"https:\/\/natcomweb.com.br\/home\/wp-content\/uploads\/2022\/10\/PLOTAGEM.jpg\" class=\"dt-mfp-item mfp-image rollover rollover-zoom\" title=\"CAMPANHA DEPUTADO FEDERAL\" data-dt-img-description=\"\" ><img class=\"preload-me\" src=\"https:\/\/natcomweb.com.br\/home\/wp-content\/uploads\/2022\/10\/PLOTAGEM.jpg\" alt=\"\" width=\"1400\" height=\"699\"  \/><\/a>\n\t\n<\/div>\n<\/article>\n\n<\/div><\/div>[\/vc_column][\/vc_row]<\/p>\n","protected":false},"excerpt":{"rendered":"<p>[vc_row full_width=&#8221;true&#8221; animation=&#8221;pulse&#8221;][vc_column][vc_empty_space height=&#8221;30px&#8221;][vc_empty_space height=&#8221;60px&#8221;][vc_column_text css_animation=&#8221;fadeIn&#8221;] Ao contar com uma Agencia de marketing, suas chances de se comunicar com mais efici\u00eancia com o seu p\u00fablico e transform\u00e1-lo em seu eleitorado aumentam consideravelmente. [\/vc_column_text][vc_empty_space height=&#8221;60px&#8221;][\/vc_column][\/vc_row][vc_row full_width=&#8221;true&#8221;][vc_column][\/vc_column][\/vc_row]<\/p>\n","protected":false},"author":1,"featured_media":0,"parent":0,"menu_order":0,"comment_status":"closed","ping_status":"closed","template":"","meta":{"_joinchat":[]},"_links":{"self":[{"href":"https:\/\/natcomweb.com.br\/home\/wp-json\/wp\/v2\/pages\/31705"}],"collection":[{"href":"https:\/\/natcomweb.com.br\/home\/wp-json\/wp\/v2\/pages"}],"about":[{"href":"https:\/\/natcomweb.com.br\/home\/wp-json\/wp\/v2\/types\/page"}],"author":[{"embeddable":true,"href":"https:\/\/natcomweb.com.br\/home\/wp-json\/wp\/v2\/users\/1"}],"replies":[{"embeddable":true,"href":"https:\/\/natcomweb.com.br\/home\/wp-json\/wp\/v2\/comments?post=31705"}],"version-history":[{"count":4,"href":"https:\/\/natcomweb.com.br\/home\/wp-json\/wp\/v2\/pages\/31705\/revisions"}],"predecessor-version":[{"id":31710,"href":"https:\/\/natcomweb.com.br\/home\/wp-json\/wp\/v2\/pages\/31705\/revisions\/31710"}],"wp:attachment":[{"href":"https:\/\/natcomweb.com.br\/home\/wp-json\/wp\/v2\/media?parent=31705"}],"curies":[{"name":"wp","href":"https:\/\/api.w.org\/{rel}","templated":true}]}}