{"id":26095,"date":"2014-08-29T17:00:39","date_gmt":"2014-08-29T17:00:39","guid":{"rendered":"http:\/\/armada.dream-demo.com\/?page_id=26095"},"modified":"2022-10-08T16:36:24","modified_gmt":"2022-10-08T19:36:24","slug":"duvidas","status":"publish","type":"page","link":"http:\/\/natcomweb.com.br\/home\/duvidas\/","title":{"rendered":"D\u00favidas Comuns"},"content":{"rendered":"<p>[vc_row][vc_column][vc_tta_accordion style=&#8221;outline&#8221; shape=&#8221;round&#8221; color=&#8221;purple&#8221; active_section=&#8221;1&#8243;][vc_tta_section i_icon_fontawesome=&#8221;fa fa-flag&#8221; add_icon=&#8221;true&#8221; title=&#8221;O que \u00e9 o registro de dom\u00ednio?&#8221; tab_id=&#8221;1563524278843-b198b6db-d395&#8243;][vc_column_text]O registro de dom\u00ednio \u00e9 importante para o fortalecimento da identidade digital da sua empresa, pois ela \u00e9 a extens\u00e3o de suas acomoda\u00e7\u00f5es f\u00edsicas no meio digital. O dom\u00ednio deve ser f\u00e1cil e pequeno, preferencialmente ser o nome da empresa, como por exemplo: <strong>www.suaempresa.com.br.<\/strong>[\/vc_column_text][\/vc_tta_section][vc_tta_section i_icon_fontawesome=&#8221;fa fa-server&#8221; add_icon=&#8221;true&#8221; title=&#8221;O que \u00e9 hospedagem profissional?&#8221; tab_id=&#8221;1563524278862-f640f68a-2143&#8243;][vc_column_text]\u00c9 o local onde o seu site fica armazenado. Um site nada mais \u00e9 do que um arquivo de textos e imagens, como um arquivo do word que voc\u00ea tem ai na sua empresa.<\/p>\n<p>Para funcionamento do site \u00e9 necess\u00e1rio que esses arquivos fiquem guardados em um computador (servidor de hospedagem) que permita que todas as pessoas do mundo o acessem. Este servidor web, \u00e9 um computador preparado somente para esse tipo de opera\u00e7\u00e3o, possui a configura\u00e7\u00e3o necess\u00e1ria para suportar essa atividade.<\/p>\n<p>A hospedagem \u00e9 paga mensal, trimestral, semestral ou anual. O valor m\u00e9dio \u00e9 de R$ 39,90\/m\u00eas.[\/vc_column_text][\/vc_tta_section][vc_tta_section i_icon_fontawesome=&#8221;fa fa-refresh&#8221; add_icon=&#8221;true&#8221; title=&#8221;Por que \u00e9 importante manter o site atualizado?&#8221; tab_id=&#8221;1563524627749-bd7e6e27-e231&#8243;][vc_column_text]Voc\u00ea tem um excelente site na internet, fez propagandas e est\u00e1 recebendo centenas de visitantes ao dia, mas agora \u00e9 que come\u00e7a a segunda parte. Ningu\u00e9m gosta de ler o mesmo livro v\u00e1rias vezes ou ver as mesmas imagens sempre, por isso que a manuten\u00e7\u00e3o de um site \u00e9 extremamente importante.<\/p>\n<p>Voc\u00ea pode querer inserir novas imagens, fotos, textos, artigos, eventos, produtos, mas se n\u00e3o tiver um painel de controle para manuten\u00e7\u00e3o seu site, ter\u00e1 que encontrar um profissional para executar tais tarefas.<\/p>\n<p>Inserindo novidades em seu site ele sempre ser\u00e1 visitado novamente e para os sistemas de busca as atualiza\u00e7\u00f5es contam muito, por isso voc\u00ea vai acabar necessitando fazer atualiza\u00e7\u00f5es constante em seu site, podendo ser semanais ou mensais, mas elas far\u00e3o seu site ser melhor que dos seus concorrentes.[\/vc_column_text][\/vc_tta_section][vc_tta_section i_icon_fontawesome=&#8221;fa fa-calendar&#8221; add_icon=&#8221;true&#8221; title=&#8221;Quanto tempo demora para desenvolver um site?&#8221; tab_id=&#8221;1563524765400-6825b78e-7e35&#8243;][vc_column_text]O tempo de desenvolvimento de um website depende muito do como ser\u00e1 o projeto. O tempo de desenvolvimento deve levar muitas vari\u00e1veis em considera\u00e7\u00e3o como estas: Tecnologias utilizadas, design, quantidade de p\u00e1ginas, formul\u00e1rios, banco de dados, forma de atualiza\u00e7\u00e3o e outras. Embora seja dif\u00edcil de se definir, podemos dar os seguintes exemplos:<br \/>\n\u2022 Site \u201cb\u00e1sico\u201d: 10 a 15 dias \u00fateis;<br \/>\n\u2022 Site \u201cm\u00e9dio\u201d: 15 a 40 dias \u00fateis;[\/vc_column_text][\/vc_tta_section][vc_tta_section i_icon_fontawesome=&#8221;fa fa-money&#8221; add_icon=&#8221;true&#8221; title=&#8221;Qual o custo de um site ap\u00f3s o seu desenvolvimento?&#8221; tab_id=&#8221;1563524865404-c5be1e80-ff3a&#8221;][vc_column_text]N\u00e3o h\u00e1 um custo adicional mensal relacionado com o p\u00f3s desenvolvimento ou atualiza\u00e7\u00f5es de conte\u00fado (oferecemos um painel de controle gratuitamente).<\/p>\n<p>O \u00fanico investimento \u00e9 da hospedagem do site, que varia de um plano para outro. Modifica\u00e7\u00f5es ap\u00f3s a entrega do site ser\u00e3o cobradas em forma de hora t\u00e9cnica.[\/vc_column_text][\/vc_tta_section][vc_tta_section i_icon_fontawesome=&#8221;fa fa-pencil-square-o&#8221; add_icon=&#8221;true&#8221; title=&#8221;Quais informa\u00e7\u00f5es devo passar para fazer um or\u00e7amento?&#8221; tab_id=&#8221;1563524943205-615be43c-1722&#8243;][vc_column_text]Uma ideia geral sobre o que \u00e9 pretendido para o website \u00e9 um bom ponto de partida (tamb\u00e9m chamado de briefing). Quanto mais detalhes puder ser oferecido, desde cores, modelos de websites que gosta, dentre outros, ajudar\u00e1 em um or\u00e7amento mais pr\u00f3ximo do valor real que ser\u00e1 investido.[\/vc_column_text][\/vc_tta_section][vc_tta_section i_icon_fontawesome=&#8221;fa fa-sitemap&#8221; add_icon=&#8221;true&#8221; title=&#8221;Quais informa\u00e7\u00f5es precisam para o desenvolvimento do site?&#8221; tab_id=&#8221;1563525019942-b7e40e38-92d9&#8243;][vc_column_text]O site apenas poder\u00e1 ser iniciado quando tivermos em nossa posse todo o material necess\u00e1rio para a sua execu\u00e7\u00e3o. Isto para evitar falhas nos prazos para entrega do projeto. No entanto, para execu\u00e7\u00e3o de uma maquete visual (Layout), pode-se iniciar o trabalho com:<br \/>\n\u2022 Nome, perfil e logotipo da empresa;<br \/>\n\u2022 Briefing inicial do site;<br \/>\n\u2022 Estrutura geral da navega\u00e7\u00e3o e sess\u00f5es;<br \/>\n\u2022 Imagens relevantes[\/vc_column_text][\/vc_tta_section][vc_tta_section i_icon_fontawesome=&#8221;fa fa-search-plus&#8221; add_icon=&#8221;true&#8221; title=&#8221;O que \u00e9 SEO (Search Engine Optimization)?&#8221; tab_id=&#8221;1563525130876-b517ab88-3f19&#8243;][vc_column_text]SEO \u2013 Search Engine Optimization, em portugu\u00eas, Otimiza\u00e7\u00e3o de Mecanismos de Busca. Isso quer dizer que prestamos consultoria para que o seu site fique nas primeiras p\u00e1ginas dos mecanismos de busca como o Google, Bing(MSN) e Yahoo. Em um mercado digital competitivo por palavras chaves, n\u00f3s indicamos o melhor caminho para sua empresa sobressair no posicionamento das buscas.[\/vc_column_text][\/vc_tta_section][vc_tta_section i_icon_fontawesome=&#8221;fa fa-google&#8221; add_icon=&#8221;true&#8221; title=&#8221;Meu site aparecer\u00e1 no Google?&#8221; tab_id=&#8221;1563525176428-a60cc6e7-20a1&#8243;][vc_column_text]N\u00e3o s\u00f3 no Google, como tamb\u00e9m nos principais mecanismos de busca mundias.[\/vc_column_text][\/vc_tta_section][\/vc_tta_accordion][\/vc_column][\/vc_row]<\/p>\n","protected":false},"excerpt":{"rendered":"<p>[vc_row][vc_column][vc_tta_accordion style=&#8221;outline&#8221; shape=&#8221;round&#8221; color=&#8221;purple&#8221; active_section=&#8221;1&#8243;][vc_tta_section i_icon_fontawesome=&#8221;fa fa-flag&#8221; add_icon=&#8221;true&#8221; title=&#8221;O que \u00e9 o registro de dom\u00ednio?&#8221; tab_id=&#8221;1563524278843-b198b6db-d395&#8243;][vc_column_text]O registro de dom\u00ednio \u00e9 importante para o fortalecimento da identidade digital da sua empresa, pois ela \u00e9 a extens\u00e3o de suas acomoda\u00e7\u00f5es f\u00edsicas no meio digital. O dom\u00ednio deve ser f\u00e1cil e pequeno, preferencialmente ser o nome da empresa,&hellip;<\/p>\n","protected":false},"author":1,"featured_media":0,"parent":0,"menu_order":45,"comment_status":"closed","ping_status":"closed","template":"","meta":{"_joinchat":[]},"_links":{"self":[{"href":"http:\/\/natcomweb.com.br\/home\/wp-json\/wp\/v2\/pages\/26095"}],"collection":[{"href":"http:\/\/natcomweb.com.br\/home\/wp-json\/wp\/v2\/pages"}],"about":[{"href":"http:\/\/natcomweb.com.br\/home\/wp-json\/wp\/v2\/types\/page"}],"author":[{"embeddable":true,"href":"http:\/\/natcomweb.com.br\/home\/wp-json\/wp\/v2\/users\/1"}],"replies":[{"embeddable":true,"href":"http:\/\/natcomweb.com.br\/home\/wp-json\/wp\/v2\/comments?post=26095"}],"version-history":[{"count":16,"href":"http:\/\/natcomweb.com.br\/home\/wp-json\/wp\/v2\/pages\/26095\/revisions"}],"predecessor-version":[{"id":31470,"href":"http:\/\/natcomweb.com.br\/home\/wp-json\/wp\/v2\/pages\/26095\/revisions\/31470"}],"wp:attachment":[{"href":"http:\/\/natcomweb.com.br\/home\/wp-json\/wp\/v2\/media?parent=26095"}],"curies":[{"name":"wp","href":"https:\/\/api.w.org\/{rel}","templated":true}]}}